{"id":25983293,"date":"2026-01-12T10:56:24","date_gmt":"2026-01-12T09:56:24","guid":{"rendered":"https:\/\/chill.nu\/?page_id=25983293"},"modified":"2026-03-24T12:43:14","modified_gmt":"2026-03-24T11:43:14","slug":"you-360-netwerken-venlo","status":"publish","type":"page","link":"https:\/\/chill.nu\/en\/you-360-netwerken-venlo\/","title":{"rendered":"You 360 Netwerken Venlo"},"content":{"rendered":"<div class=\"et_pb_section_0 et_pb_section et_section_regular et_block_section\"><div class=\"et_pb_row_0 et_pb_row et_pb_equal_columns et_pb_gutters1 et_block_row\"><div class=\"et_pb_column_0 et_pb_column et_pb_column_1_2 et_block_column et_pb_css_mix_blend_mode_passthrough\"><div class=\"et_pb_image_0 et_pb_image et_pb_module et_block_module\"><span class=\"et_pb_image_wrap\"><img loading=\"lazy\" decoding=\"async\" src=\"https:\/\/chill.nu\/wp-content\/uploads\/2024\/07\/Com_Services-scaled.jpg\" width=\"2560\" height=\"2091\" srcset=\"https:\/\/chill.nu\/wp-content\/uploads\/2024\/07\/Com_Services-scaled.jpg 2560w, https:\/\/chill.nu\/wp-content\/uploads\/2024\/07\/Com_Services-1280x1046.jpg 1280w, https:\/\/chill.nu\/wp-content\/uploads\/2024\/07\/Com_Services-980x800.jpg 980w, https:\/\/chill.nu\/wp-content\/uploads\/2024\/07\/Com_Services-480x392.jpg 480w\" sizes=\"(min-width: 0px) and (max-width: 480px) 480px, (min-width: 481px) and (max-width: 980px) 980px, (min-width: 981px) and (max-width: 1280px) 1280px, (min-width: 1281px) 2560px, 100vw\" class=\"wp-image-25980998\" title=\"Com_Services\" \/><\/span><\/div><\/div><div class=\"et_pb_column_1 et_pb_column et_pb_column_1_2 et-last-child et_block_column et_pb_css_mix_blend_mode_passthrough pa-inline-buttons\"><div class=\"et_pb_text_0 et_pb_text et_pb_bg_layout_light et_pb_module et_block_module preset--module--divi-text--default\"><div class=\"et_pb_text_inner\"><h1>You 360 netwerken<\/h1>\n<\/div><\/div><\/div><\/div><\/div><div class=\"et_pb_section_1 et_pb_section et_section_regular et_block_section\"><div class=\"et_pb_row_1 et_pb_row et_block_row\"><div class=\"et_pb_column_2 et_pb_column et_pb_column_4_4 et-last-child et_block_column et_pb_css_mix_blend_mode_passthrough\"><div class=\"et_pb_text_1 et_pb_text et_pb_bg_layout_light et_pb_module et_block_module preset--module--divi-text--default\"><div class=\"et_pb_text_inner\"><p><strong>Meet You sessions - Meet the future of work<\/strong><\/p>\n<\/div><\/div><div class=\"et_pb_text_2 et_pb_text et_pb_bg_layout_light et_pb_module et_block_module preset--module--divi-text--default\"><div class=\"et_pb_text_inner\"><p>Tijdens de Meet YOU-lunchsessies krijg je als student de kans om echte bedrijven op de Greenport Venlo Campus beter te leren kennen. Tijdens de lunch deelt een vertegenwoordiger van \u00e9\u00e9n organisatie per sessie zijn of haar missie, werkcultuur en carri\u00e8remogelijkheden. Elke sessie heeft een uniek thema om jou te helpen ontdekken welke werkcontext het beste bij jou past.<\/p>\n<p><strong>Voorlopige data voor de sessies:<\/strong><\/p>\n<ul>\n<li>30 maart<\/li>\n<li>13 april<\/li>\n<li>11 mei<\/li>\n<\/ul>\n<p>De deelnemende bedrijven worden later bekendgemaakt.<\/p>\n<p><strong>What does it get you?<\/strong><\/p>\n<ul>\n<li>Inzicht in missie, structuur en carri\u00e8rekansen bij een organisatie<\/li>\n<li>Begrip van actuele thema\u2019s zoals duurzaamheid, innovatie en ondernemerschap in de praktijk<\/li>\n<li>Vaardigheden om zelfverzekerd en doelgericht te netwerken met professionals<\/li>\n<\/ul>\n<p>De Meet YOU-sessies zijn jouw kans om vroegtijdig te ontdekken waar jouw ambities en interesses aansluiten bij het werkveld. Zo bouw je niet alleen een netwerk op, maar krijg je ook een realistisch beeld van jouw toekomst in het bedrijfsleven.<\/p>\n<p>Bekijk de video hieronder en ontdek hoe deze sessies voor eerdere studenten het verschil hebben gemaakt!<\/p>\n<\/div><\/div><\/div><\/div><div class=\"et_pb_row_2 et_pb_row et_block_row\"><div class=\"et_pb_column_3 et_pb_column et_pb_column_1_5 et_block_column et_pb_column_empty et_pb_css_mix_blend_mode_passthrough\"><\/div><div class=\"et_pb_column_4 et_pb_column et_pb_column_3_5 et_block_column et_pb_css_mix_blend_mode_passthrough\"><div class=\"et_pb_module et_d4_element torq_video_modal torq_video_modal_0\">\n\t\t\t\t\n\t\t\t\t\n\t\t\t\t\n\t\t\t\t\n\t\t\t\t\n\t\t\t\t\n\t\t\t\t<div class=\"et_pb_module_inner\">\n\t\t\t\t\t<div class=\"dtp-module dtp-video-modal\">\n                <div class=\"mfp-hide dtp-modal\" id=\"dtp-video-modal-0\" data-order=\"0\">\n                    <div class=\"dtp-video-wrap\">\n                        <video controls><source type=\"video\/mp4\" src=\"https:\/\/chill.nu\/wp-content\/uploads\/2026\/01\/Meet-You.mov\"><\/video>\n                    <\/div>\n                <\/div>\n                <div class=\"dtp-video-modal-wrap\">\n\t\t\t\t\t<a\n\t\t\t\t\t\tclass=\"dtp-video-modal-trigger dtp-popup-video\"\n\t\t\t\t\t\tdata-order=\"0\"\n\t\t\t\t\t\tdata-type=\"video\"\n\t\t\t\t\t\thref=\"\"\n\t\t\t\t\t\tdata-mfp-src=\"#dtp-video-modal-0\"\n\t\t\t\t\t>\n\t\t\t\t\t\t<span class=\"dtp-video-modal-icon\"><svg xmlns=\"http:\/\/www.w3.org\/2000\/svg\" x=\"0px\" y=\"0px\" viewbox=\"0 0 494.148 494.148\"><g><g><path d=\"M405.284,201.188L130.804,13.28C118.128,4.596,105.356,0,94.74,0C74.216,0,61.52,16.472,61.52,44.044v406.124 c0,27.54,12.68,43.98,33.156,43.98c10.632,0,23.2-4.6,35.904-13.308l274.608-187.904c17.66-12.104,27.44-28.392,27.44-45.884 C432.632,229.572,422.964,213.288,405.284,201.188z\"\/> <\/g><\/g><\/svg><\/span>\n\t\t\t\t\t<\/a>\n                <\/div>\n                <div class=\"dtp-video-modal-figure\">\n\t\t\t\t\t<img decoding=\"async\" src=\"https:\/\/chill.nu\/wp-content\/uploads\/2026\/01\/meetyou.png\" alt=\"\"\/>\n\t\t\t\t<\/div>\n            <\/div>\n\t\t\t\t<\/div>\n\t\t\t<\/div><\/div><div class=\"et_pb_column_5 et_pb_column et_pb_column_1_5 et-last-child et_block_column et_pb_column_empty et_pb_css_mix_blend_mode_passthrough\"><\/div><\/div><div class=\"et_pb_row_3 et_pb_row et_block_row\"><div class=\"et_pb_column_6 et_pb_column et_pb_column_4_4 et-last-child et_block_column et_pb_css_mix_blend_mode_passthrough\"><div class=\"et_pb_text_3 et_pb_text et_pb_bg_layout_light et_pb_module et_block_module preset--module--divi-text--default\"><div class=\"et_pb_text_inner\"><p><strong>Sociale activiteiten<\/strong><\/p>\n<p><strong>Samen leren \u00e9n elkaar ontmoeten<\/strong><\/p>\n<p>Bij YOU 360 draait het niet alleen om persoonlijke ontwikkeling en netwerken, maar ook om elkaar beter leren kennen. Tijdens de Open Box-sessies kan iedereen werken aan zijn of haar eigen stageopdracht, maar dan wel samen in \u00e9\u00e9n ruimte. Zo kun je ervaringen uitwisselen, elkaar ondersteunen en inspiratie opdoen.<\/p>\n<p>Daarnaast organiseren we een aantal gezellige sociale activiteiten, zoals een kookworkshop en een afsluitend diner om het einde van het programma te vieren. Zo leer je je medestudenten niet alleen professioneel kennen, maar bouw je ook vriendschappen en waardevolle contacten op.<\/p>\n<p>Voorlopige data:<\/p>\n<ul>\n<li>Open Box-sessies: vrijdag 27 februari en vrijdag 24 april<\/li>\n<li>Sociale activiteiten: maandag 9 maart en woensdag 3 juni<\/li>\n<\/ul>\n<p>Doe mee, werk, netwerk \u00e9n heb plezier!<\/p>\n<\/div><\/div><\/div><\/div><\/div><div class=\"et_pb_section_2 et_pb_section et_section_regular et_block_section\"><div class=\"et_pb_row_4 et_pb_row et_block_row\"><div class=\"et_pb_column_7 et_pb_column et_pb_column_4_4 et-last-child et_block_column et_pb_css_mix_blend_mode_passthrough\"><div class=\"et_pb_text_4 et_pb_text et_pb_bg_layout_light et_pb_module et_block_module preset--module--divi-text--default\"><div class=\"et_pb_text_inner\"><p>\ud83d\udc49 <strong>Meld je aan via onderstaande knop.<\/strong><br \/>Please note that we try to accommodate your preferences as much as possible, but full = full.<\/p>\n<\/div><\/div><div class=\"et_pb_module et_pb_button_module_wrapper et_pb_button_0_wrapper preset--module--divi-button--default_wrapper\"><a class=\"et_pb_button_0 et_pb_button et_pb_bg_layout_light et_pb_module et_block_module preset--module--divi-button--default\" href=\"https:\/\/chill.nu\/en\/you-360-venlo\/\">Sign up<\/a><\/div><\/div><\/div><\/div>","protected":false},"excerpt":{"rendered":"","protected":false},"author":1,"featured_media":0,"parent":0,"menu_order":0,"comment_status":"closed","ping_status":"closed","template":"","meta":{"_et_pb_use_builder":"on","_et_pb_old_content":"[et_pb_section fb_built=\"1\" _builder_version=\"4.25.0\" _module_preset=\"default\" custom_padding=\"0px|0px|0px|0px|false|false\" global_colors_info=\"{}\"][et_pb_row column_structure=\"1_2,1_2\" use_custom_gutter=\"on\" gutter_width=\"1\" make_equal=\"on\" _builder_version=\"4.27.0\" _module_preset=\"default\" background_color=\"gcid-a0c2c72a-91f6-4276-9ef1-c8073167ba2e\" background_image=\"https:\/\/chill.nu\/wp-content\/uploads\/2024\/04\/CHILL_Donut_Geel-1.png\" background_size=\"custom\" background_image_width=\"500px\" width=\"100%\" max_width=\"2400px\" module_alignment=\"center\" custom_margin=\"||||false|false\" custom_padding=\"0px||0px||false|false\" background_last_edited=\"on|phone\" background_image_width_tablet=\"600px\" global_colors_info=\"{%22gcid-a0c2c72a-91f6-4276-9ef1-c8073167ba2e%22:%91%22background_color%22%93}\"][et_pb_column type=\"1_2\" _builder_version=\"4.27.0\" _module_preset=\"default\" background_image=\"https:\/\/chill.nu\/wp-content\/uploads\/2024\/07\/Com_Services-scaled.jpg\" background_last_edited=\"on|tablet\" background_enable_image_tablet=\"off\" global_colors_info=\"{}\"][et_pb_image src=\"https:\/\/chill.nu\/wp-content\/uploads\/2024\/07\/Com_Services-scaled.jpg\" title_text=\"Com_Services\" force_fullwidth=\"on\" disabled_on=\"off|off|on\" _builder_version=\"4.27.0\" _module_preset=\"default\" max_width_tablet=\"100%\" max_width_phone=\"100%\" max_width_last_edited=\"on|tablet\" max_height=\"50px\" max_height_tablet=\"\" max_height_phone=\"100%\" max_height_last_edited=\"on|desktop\" custom_padding=\"||||false|false\" global_colors_info=\"{}\"][\/et_pb_image][\/et_pb_column][et_pb_column type=\"1_2\" module_class=\"pa-inline-buttons\" _builder_version=\"4.27.0\" _module_preset=\"default\" custom_padding=\"25vh|80px|25vh|80px|true|true\" custom_padding_tablet=\"80px||80px||true|false\" custom_padding_phone=\"50px|10%|50px|10%|true|true\" custom_padding_last_edited=\"on|phone\" custom_css_main_element=\"margin: auto;\" global_colors_info=\"{}\"][et_pb_text _builder_version=\"4.27.0\" _module_preset=\"default\" header_font=\"--et_global_heading_font|700||on|||||\" header_text_color=\"#FFFFFF\" max_width=\"600px\" module_alignment=\"center\" global_colors_info=\"{}\"]<h1>You 360 sessies<\/h1>[\/et_pb_text][\/et_pb_column][\/et_pb_row][\/et_pb_section][et_pb_section fb_built=\"1\" _builder_version=\"4.27.4\" _module_preset=\"default\" background_image=\"https:\/\/chill.nu\/wp-content\/uploads\/2024\/04\/CHILL_HalveDonut_LichtGroen.png\" background_size=\"contain\" background_position=\"center_left\" custom_padding=\"||||false|false\" locked=\"off\" global_colors_info=\"{}\"][et_pb_row _builder_version=\"4.26.0\" _module_preset=\"default\" width=\"50%\" global_colors_info=\"{}\"][et_pb_column type=\"4_4\" _builder_version=\"4.25.0\" _module_preset=\"default\" global_colors_info=\"{}\"][et_pb_text _builder_version=\"4.27.4\" _module_preset=\"default\" text_font_size=\"36px\" text_line_height=\"1.2em\" global_colors_info=\"{}\"]<p><strong>Meet You-sessies \u2013 Ontmoet de toekomst van werk<\/strong><\/p>[\/et_pb_text][et_pb_text _builder_version=\"4.27.4\" _module_preset=\"default\" global_colors_info=\"{}\"]<p>Tijdens de Meet You-sessies krijg je als student de kans om echte bedrijven beter te leren kennen. Tijdens de lunch delen vertegenwoordigers van twee verschillende organisaties per sessie hun missie, werkcultuur en carri\u00e8remogelijkheden. Elke sessie heeft een uniek thema om jou te helpen ontdekken welke werkcontext het beste bij jou past.<\/p>\n<p><strong>Wat levert het jou op?<\/strong><\/p>\n<ul>\n<li>Inzicht in missie, structuur en carri\u00e8rekansen bij verschillende bedrijven.<\/li>\n<li>Begrip van actuele thema\u2019s zoals duurzaamheid, innovatie en ondernemerschap in de praktijk.<\/li>\n<li>Vaardigheden om zelfverzekerd en doelgericht te netwerken met professionals.<\/li>\n<\/ul>\n<p>De Meet You-sessies zijn jouw kans om vroegtijdig te ontdekken waar jouw ambities en interesses aansluiten bij het werkveld. Zo bouw je niet alleen een netwerk op, maar ook een realistisch beeld van jouw toekomst in het bedrijfsleven. Bekijk de video hieronder en ontdek hoe deze sessies voor eerdere studenten het verschil hebben gemaakt!<\/p>[\/et_pb_text][\/et_pb_column][\/et_pb_row][et_pb_row _builder_version=\"4.26.0\" _module_preset=\"default\" width=\"50%\" global_colors_info=\"{}\" column_structure=\"1_5,3_5,1_5\"][et_pb_column type=\"1_5\" _builder_version=\"4.25.0\" _module_preset=\"default\" global_colors_info=\"{}\"][\/et_pb_column][et_pb_column type=\"3_5\" _builder_version=\"4.25.0\" _module_preset=\"default\" global_colors_info=\"{}\"][torq_video_modal image=\"https:\/\/chill.nu\/wp-content\/uploads\/2026\/01\/meetyou.png\" type=\"video\" img_height=\"280px\" icon_color=\"#3979ff\" border_radii=\"on|9px|9px|9px|9px\" box_shadow_style=\"preset1\" box_shadow_color=\"rgba(0,0,0,0.2)\" _builder_version=\"4.27.5\" _module_preset=\"default\" title_text=\"Meet You\" video=\"https:\/\/chill.nu\/wp-content\/uploads\/2026\/01\/Meet-You.mov\" icon=\"2\" hover_enabled=\"0\" sticky_enabled=\"0\"][\/torq_video_modal][\/et_pb_column][et_pb_column type=\"1_5\" _builder_version=\"4.25.0\" _module_preset=\"default\" global_colors_info=\"{}\"][\/et_pb_column][\/et_pb_row][\/et_pb_section][et_pb_section fb_built=\"1\" _builder_version=\"4.27.4\" _module_preset=\"default\" global_colors_info=\"{}\"][et_pb_row _builder_version=\"4.26.0\" _module_preset=\"default\" width=\"50%\" global_colors_info=\"{}\"][et_pb_column type=\"4_4\" _builder_version=\"4.25.0\" _module_preset=\"default\" global_colors_info=\"{}\"][et_pb_text _builder_version=\"4.27.4\" _module_preset=\"default\" text_font_size=\"36px\" text_line_height=\"1.2em\" global_colors_info=\"{}\"]<p><strong>De sessies: <\/strong><\/p>[\/et_pb_text][\/et_pb_column][\/et_pb_row][et_pb_row _builder_version=\"4.26.0\" _module_preset=\"default\" width=\"50%\" locked=\"off\" global_colors_info=\"{}\"][et_pb_column type=\"4_4\" _builder_version=\"4.25.0\" _module_preset=\"default\" global_colors_info=\"{}\"][et_pb_accordion toggle_icon=\"&#x38;||divi||400\" icon_color=\"#000000\" use_icon_font_size=\"on\" module_class=\"pa-accordion\" _builder_version=\"4.27.5\" _module_preset=\"default\" global_colors_info=\"{%22gcid-0292d7d8-f955-44cc-89b7-83e1eaec8209%22:%91%22background_color%22,%22open_toggle_background_color%22,%22background_color%22,%22open_toggle_background_color%22%93,%22gcid-a0c2c72a-91f6-4276-9ef1-c8073167ba2e%22:%91%22closed_toggle_background_color%22,%22closed_toggle_background_color%22%93}\"][et_pb_accordion_item title=\"Thema: Sustainable Biotech\" open=\"on\" open_toggle_background_color=\"#FFFFFF\" _builder_version=\"4.27.5\" _module_preset=\"default\" global_colors_info=\"{}\"]<p>Ontdek hoe bedrijven duurzaamheid in hun strategie verwerken, van circulaire processen tot duurzame energieoplossingen. Leer welke functies hierbij horen en hoe jij als jong talent kunt bijdragen.<\/p>\n<p><strong>Datum:<\/strong> Dinsdag 10 februari, 12:00\u201313:30\u00a0\u2013\u00a0Onder voorbehoud \u2013 Lonza<\/p>[\/et_pb_accordion_item][et_pb_accordion_item title=\"Thema: Entrepreneurship & Innovation\" _builder_version=\"4.27.5\" _module_preset=\"default\" global_colors_info=\"{}\" open=\"off\"]<p>Leer van start-ups en gevestigde ondernemingen hoe je ondernemerschap kunt inzetten binnen en buiten organisaties. Wat heb jij nodig om succesvol te zijn?<\/p>\n<p><strong>Datum<\/strong>: Vrijdag 6 maart, 12:00\u201313:30\u00a0\u2013 Onder voorbehoud \u2013 Brightlands Start-up Loft<\/p>[\/et_pb_accordion_item][et_pb_accordion_item title=\"Thema: Research & Development \" _builder_version=\"4.27.5\" _module_preset=\"default\" global_colors_info=\"{}\" open=\"off\"]<p>Maak kennis met high-tech R&amp;D-bedrijven en innovatieve scale-ups. Ontdek hoe innovatie wordt gestimuleerd en welke skills jij nodig hebt om mee te doen.<\/p>\n<p><strong>Datum<\/strong>: Donderdag 19 maart, 12-13:30 \u2013 Onder voorbehoud \u2013 Envalior<\/p>[\/et_pb_accordion_item][et_pb_accordion_item title=\"Thema: Industry & Science\" _builder_version=\"4.27.5\" _module_preset=\"default\" global_colors_info=\"{}\" open=\"off\"]<p>Ontdek hoe snelgroeiende bedrijven en multinationals investeren in talentontwikkeling, traineeships en internationale doorgroeimogelijkheden.<\/p>\n<p><strong>Datum<\/strong>: Donderdag 2 april, 12-13:30uur \u2013 Onder voorbehoud \u2013 OCI<\/p>[\/et_pb_accordion_item][\/et_pb_accordion][\/et_pb_column][\/et_pb_row][et_pb_row _builder_version=\"4.26.0\" _module_preset=\"default\" width=\"50%\" locked=\"off\" global_colors_info=\"{}\"][et_pb_column type=\"4_4\" _builder_version=\"4.25.0\" _module_preset=\"default\" global_colors_info=\"{}\"][et_pb_text _builder_version=\"4.27.4\" _module_preset=\"default\" global_colors_info=\"{}\"]<p>\ud83d\udc49 <strong>Meld je aan voor jouw voorkeursmodule via onderstaande knop.<\/strong><br \/>Let op: we proberen zoveel mogelijk rekening te houden met je voorkeur, maar vol = vol.<\/p>[\/et_pb_text][et_pb_button button_url=\"https:\/\/chill.nu\/you-360\/\" button_text=\"Meld je aan\" _builder_version=\"4.27.4\" _module_preset=\"default\" global_colors_info=\"{}\"][\/et_pb_button][\/et_pb_column][\/et_pb_row][\/et_pb_section][et_pb_section fb_built=\"1\" _builder_version=\"4.27.4\" _module_preset=\"default\" global_colors_info=\"{}\"][\/et_pb_section]","_et_gb_content_width":"","footnotes":""},"folder":[],"class_list":["post-25983293","page","type-page","status-publish","hentry"],"_links":{"self":[{"href":"https:\/\/chill.nu\/en\/wp-json\/wp\/v2\/pages\/25983293","targetHints":{"allow":["GET"]}}],"collection":[{"href":"https:\/\/chill.nu\/en\/wp-json\/wp\/v2\/pages"}],"about":[{"href":"https:\/\/chill.nu\/en\/wp-json\/wp\/v2\/types\/page"}],"author":[{"embeddable":true,"href":"https:\/\/chill.nu\/en\/wp-json\/wp\/v2\/users\/1"}],"replies":[{"embeddable":true,"href":"https:\/\/chill.nu\/en\/wp-json\/wp\/v2\/comments?post=25983293"}],"version-history":[{"count":5,"href":"https:\/\/chill.nu\/en\/wp-json\/wp\/v2\/pages\/25983293\/revisions"}],"predecessor-version":[{"id":25983602,"href":"https:\/\/chill.nu\/en\/wp-json\/wp\/v2\/pages\/25983293\/revisions\/25983602"}],"wp:attachment":[{"href":"https:\/\/chill.nu\/en\/wp-json\/wp\/v2\/media?parent=25983293"}],"wp:term":[{"taxonomy":"folder","embeddable":true,"href":"https:\/\/chill.nu\/en\/wp-json\/wp\/v2\/folder?post=25983293"}],"curies":[{"name":"wp","href":"https:\/\/api.w.org\/{rel}","templated":true}]}}